{"id":413,"date":"2018-05-31T18:01:13","date_gmt":"2018-05-31T21:01:13","guid":{"rendered":"http:\/\/cosechasalud.com\/wordpress\/?page_id=413"},"modified":"2023-10-04T08:32:31","modified_gmt":"2023-10-04T11:32:31","slug":"planes","status":"publish","type":"page","link":"https:\/\/cosechasalud.com\/wordpress\/planes\/","title":{"rendered":"Planes"},"content":{"rendered":"<p>[et_pb_section fb_built=&#8221;1&#8243; _builder_version=&#8221;4.16&#8243; global_colors_info=&#8221;{}&#8221;][et_pb_row module_class=&#8221; et_pb_row_fullwidth&#8221; _builder_version=&#8221;4.16&#8243; background_color=&#8221;#727272&#8243; background_size=&#8221;initial&#8221; background_position=&#8221;top_left&#8221; background_repeat=&#8221;repeat&#8221; width=&#8221;89%&#8221; width_tablet=&#8221;80%&#8221; width_phone=&#8221;&#8221; width_last_edited=&#8221;on|desktop&#8221; max_width=&#8221;89%&#8221; max_width_tablet=&#8221;80%&#8221; max_width_phone=&#8221;&#8221; max_width_last_edited=&#8221;on|desktop&#8221; make_fullwidth=&#8221;on&#8221; global_colors_info=&#8221;{}&#8221;][et_pb_column type=&#8221;4_4&#8243; _builder_version=&#8221;4.16&#8243; custom_padding=&#8221;|||&#8221; global_colors_info=&#8221;{}&#8221; custom_padding__hover=&#8221;|||&#8221;][et_pb_text _builder_version=&#8221;4.16&#8243; global_colors_info=&#8221;{}&#8221;]<\/p>\n<h1 style=\"text-align: center;\"><span style=\"color: #ffffff;\">Nuestros planes<\/span><\/h1>\n<p>[\/et_pb_text][\/et_pb_column][\/et_pb_row][et_pb_row column_structure=&#8221;1_5,1_5,1_5,1_5,1_5&#8243; module_class=&#8221; et_pb_row_fullwidth&#8221; _builder_version=&#8221;4.16&#8243; background_size=&#8221;initial&#8221; background_position=&#8221;top_left&#8221; background_repeat=&#8221;repeat&#8221; width=&#8221;89%&#8221; width_tablet=&#8221;80%&#8221; width_phone=&#8221;&#8221; width_last_edited=&#8221;on|desktop&#8221; max_width=&#8221;89%&#8221; max_width_tablet=&#8221;80%&#8221; max_width_phone=&#8221;&#8221; max_width_last_edited=&#8221;on|desktop&#8221; make_fullwidth=&#8221;on&#8221; global_colors_info=&#8221;{}&#8221;][et_pb_column type=&#8221;1_5&#8243; _builder_version=&#8221;4.16&#8243; custom_padding=&#8221;|||&#8221; global_colors_info=&#8221;{}&#8221; custom_padding__hover=&#8221;|||&#8221;][et_pb_image src=&#8221;https:\/\/cosechasalud.com\/wordpress\/wp-content\/uploads\/2018\/05\/Frente-Carnet-VIP-Dorado.png&#8221; title_text=&#8221;Frente-Carnet-VIP-Dorado&#8221; align=&#8221;center&#8221; align_tablet=&#8221;center&#8221; align_phone=&#8221;&#8221; align_last_edited=&#8221;on|desktop&#8221; _builder_version=&#8221;4.16&#8243; max_width=&#8221;75%&#8221; max_width_tablet=&#8221;50%&#8221; max_width_phone=&#8221;56%&#8221; max_width_last_edited=&#8221;on|desktop&#8221; animation_style=&#8221;fold&#8221; animation_duration=&#8221;1500ms&#8221; animation_delay=&#8221;100ms&#8221; animation_intensity_fold=&#8221;100%&#8221; border_radii=&#8221;on|10px|10px|10px|10px&#8221; global_colors_info=&#8221;{}&#8221;][\/et_pb_image][et_pb_text _builder_version=&#8221;4.16&#8243; text_font=&#8221;ABeeZee||||||||&#8221; text_text_color=&#8221;#000000&#8243; text_font_size=&#8221;15px&#8221; text_line_height=&#8221;2em&#8221; ul_font=&#8221;||||||||&#8221; background_color=&#8221;#ffffff&#8221; animation_style=&#8221;flip&#8221; animation_duration=&#8221;1500ms&#8221; animation_delay=&#8221;250ms&#8221; border_radii=&#8221;on|5px|5px|5px|5px&#8221; border_width_all=&#8221;2px&#8221; border_color_all=&#8221;#7cda24&#8243; global_colors_info=&#8221;{}&#8221;]<\/p>\n<table width=\"581\">\n<tbody>\n<tr>\n<td width=\"581\">Consultas m\u00e9dicas ambulatorias 100% &#8211; No requiere Ordenes<\/td>\n<\/tr>\n<tr>\n<td>Pr\u00e1cticas m\u00e9dicas, bioqu\u00edmicas, radiol\u00f3gicas 100% (sin autorizaci\u00f3n)\u00a0\u00a0<span style=\"font-size: 15px;\">\u00a0<\/span><\/td>\n<\/tr>\n<tr>\n<td>Pr\u00e1cticas Kinesiol\u00f3gicas 100% <span style=\"font-size: small;\">( hasta 06 sesiones sin autorizaci\u00f3n)<\/span><\/td>\n<\/tr>\n<tr>\n<td>Medicamentos: En farmacia propia descuentos de 30% + hasta un 20%<\/td>\n<\/tr>\n<tr>\n<td>Medicamentos: Farmacias adheridas descuentos hasta el 30%<\/td>\n<\/tr>\n<tr>\n<td><\/td>\n<\/tr>\n<tr>\n<td>Odontolog\u00eda 100% (exclu\u00eddo pr\u00f3tesis y ortodoncia) (con autorizaci\u00f3n)<\/td>\n<\/tr>\n<tr>\n<td>Internaciones cl\u00ednicas y\/o quir\u00fargicas ( con autorizaci\u00f3n y sin copago)<\/td>\n<\/tr>\n<tr>\n<td>Medicamentos y descartables en internaciones 100%<\/td>\n<\/tr>\n<tr>\n<td>Cirug\u00edas y pr\u00e1cticas de alta complejidad no-nomencladas (con autorizaci\u00f3n y sin copago)<\/td>\n<\/tr>\n<tr>\n<td>Pr\u00e1cticas de alta complejidad no-nomencladas de Alta especificaci\u00f3n tecnol\u00f3gica\/profesional (con autorizaci\u00f3n y con copago)<\/td>\n<\/tr>\n<tr>\n<td><\/td>\n<\/tr>\n<\/tbody>\n<\/table>\n<p>[\/et_pb_text][\/et_pb_column][et_pb_column type=&#8221;1_5&#8243; _builder_version=&#8221;4.16&#8243; custom_padding=&#8221;|||&#8221; global_colors_info=&#8221;{}&#8221; custom_padding__hover=&#8221;|||&#8221;][et_pb_image src=&#8221;https:\/\/cosechasalud.com\/wordpress\/wp-content\/uploads\/2018\/05\/Frente-Carnet-Premium.png&#8221; title_text=&#8221;Frente-Carnet-Premium&#8221; align=&#8221;center&#8221; align_tablet=&#8221;center&#8221; align_phone=&#8221;&#8221; align_last_edited=&#8221;on|desktop&#8221; _builder_version=&#8221;4.16&#8243; max_width=&#8221;75%&#8221; max_width_tablet=&#8221;50%&#8221; max_width_phone=&#8221;56%&#8221; max_width_last_edited=&#8221;on|desktop&#8221; animation_style=&#8221;fold&#8221; animation_duration=&#8221;1500ms&#8221; animation_delay=&#8221;200ms&#8221; animation_intensity_fold=&#8221;100%&#8221; border_radii=&#8221;on|10px|10px|10px|10px&#8221; global_colors_info=&#8221;{}&#8221;][\/et_pb_image][et_pb_text _builder_version=&#8221;4.16&#8243; text_font=&#8221;ABeeZee||||||||&#8221; text_text_color=&#8221;#000000&#8243; text_font_size=&#8221;15px&#8221; text_line_height=&#8221;2em&#8221; ul_font=&#8221;||||||||&#8221; background_color=&#8221;#ffffff&#8221; animation_style=&#8221;flip&#8221; animation_duration=&#8221;1500ms&#8221; animation_delay=&#8221;250ms&#8221; border_radii=&#8221;on|5px|5px|5px|5px&#8221; border_width_all=&#8221;2px&#8221; border_color_all=&#8221;#7cda24&#8243; global_colors_info=&#8221;{}&#8221;]<\/p>\n<table width=\"581\">\n<tbody>\n<tr>\n<td width=\"581\">Consultas m\u00e9dicas ambulatorias 100%<\/td>\n<\/tr>\n<tr>\n<td>Pr\u00e1cticas m\u00e9dicas, bioqu\u00edmicas, radiol\u00f3gicas 100% (con autorizaci\u00f3n y sin coseguro)<\/td>\n<\/tr>\n<tr>\n<td>Pr\u00e1cticas Kinesiol\u00f3gicas 100% (con autorizaci\u00f3n y sin copago)<\/td>\n<\/tr>\n<tr>\n<td><\/td>\n<\/tr>\n<tr>\n<td>Medicamentos: En farmacia propia descuentos de 30% + hasta un 20%<\/td>\n<\/tr>\n<tr>\n<td>Medicamentos: Farmacias adheridas descuentos 30%<\/td>\n<\/tr>\n<tr>\n<td>Odontolog\u00eda 100% (excluido pr\u00f3tesis y ortodoncia) (con autorizaci\u00f3n)<\/td>\n<\/tr>\n<tr>\n<td>Internaciones cl\u00ednicas y\/o quir\u00fargicas (con autorizaci\u00f3n y sin copago)<\/td>\n<\/tr>\n<tr>\n<td>Medicamentos y descartables en internaciones 100%<\/td>\n<\/tr>\n<tr>\n<td>Cirug\u00edas y pr\u00e1cticas de alta complejidad no-nomencladas (con autorizaci\u00f3n y sin coseguro)<\/td>\n<\/tr>\n<tr>\n<td>Cirug\u00eda y pr\u00e1cticas de alta complejidad no-nomencladas &#8211; de Alta especificaci\u00f3n tecnol\u00f3gica\/profesional (con autorizaci\u00f3n y con copago)<\/td>\n<\/tr>\n<tr>\n<td><\/td>\n<\/tr>\n<tr>\n<td><\/td>\n<\/tr>\n<\/tbody>\n<\/table>\n<p>[\/et_pb_text][\/et_pb_column][et_pb_column type=&#8221;1_5&#8243; _builder_version=&#8221;4.16&#8243; custom_padding=&#8221;|||&#8221; global_colors_info=&#8221;{}&#8221; custom_padding__hover=&#8221;|||&#8221;][et_pb_image src=&#8221;https:\/\/cosechasalud.com\/wordpress\/wp-content\/uploads\/2018\/05\/Frente-carnet-Integral.png&#8221; title_text=&#8221;Frente-carnet-Integral&#8221; align=&#8221;center&#8221; align_tablet=&#8221;center&#8221; align_phone=&#8221;&#8221; align_last_edited=&#8221;on|desktop&#8221; _builder_version=&#8221;4.16&#8243; max_width=&#8221;75%&#8221; max_width_tablet=&#8221;50%&#8221; max_width_phone=&#8221;56%&#8221; max_width_last_edited=&#8221;on|desktop&#8221; animation_style=&#8221;fold&#8221; animation_duration=&#8221;1500ms&#8221; animation_delay=&#8221;300ms&#8221; animation_intensity_fold=&#8221;100%&#8221; border_radii=&#8221;on|10px|10px|10px|10px&#8221; global_colors_info=&#8221;{}&#8221;][\/et_pb_image][et_pb_text _builder_version=&#8221;4.16&#8243; text_font=&#8221;ABeeZee||||||||&#8221; text_text_color=&#8221;#000000&#8243; text_font_size=&#8221;15px&#8221; text_line_height=&#8221;2em&#8221; ul_font=&#8221;||||||||&#8221; background_color=&#8221;#ffffff&#8221; animation_style=&#8221;flip&#8221; animation_duration=&#8221;1500ms&#8221; animation_delay=&#8221;350ms&#8221; border_radii=&#8221;on|5px|5px|5px|5px&#8221; border_width_all=&#8221;2px&#8221; border_color_all=&#8221;#7cda24&#8243; global_colors_info=&#8221;{}&#8221;]<\/p>\n<table width=\"581\">\n<tbody>\n<tr>\n<td width=\"581\">Consultas m\u00e9dicas ambulatorias 100% &#8211; Ordenes con Cargo<\/td>\n<\/tr>\n<tr>\n<td>Pr\u00e1cticas m\u00e9dicas, bioqu\u00edmicas, radiol\u00f3gicas 100% (con autorizaci\u00f3n y con copago)<\/td>\n<\/tr>\n<tr>\n<td>Pr\u00e1cticas Kinesiol\u00f3gicas 100% (con autorizaci\u00f3n y con copago)<\/td>\n<\/tr>\n<tr>\n<td>Medicamentos: En farmacia propia descuentos de 30% + hasta un 20%<\/td>\n<\/tr>\n<tr>\n<td>En farmacia propia descuentos de 30% + hasta un 20%<\/td>\n<\/tr>\n<tr>\n<td>Farmacias adheridas descuentos 30%<\/td>\n<\/tr>\n<tr>\n<td>Odontolog\u00eda 100% (excluido pr\u00f3tesis y ortodoncia) (con autorizaci\u00f3n)<\/td>\n<\/tr>\n<tr>\n<td>Internaciones cl\u00ednicas y\/o quir\u00fargicas ( con autorizaci\u00f3n y sin copago)<\/td>\n<\/tr>\n<tr>\n<td>Medicamentos y descartables en internaciones 100%<\/td>\n<\/tr>\n<tr>\n<td>Cirug\u00edas y pr\u00e1cticas de alta complejidad nomecladas ( con autorizaci\u00f3n y con coseguro)<\/td>\n<\/tr>\n<tr>\n<td>Cirug\u00eda y pr\u00e1cticas de alta complejidad NO nomecladas ( con autorizaci\u00f3n y con copago)<\/td>\n<\/tr>\n<tr>\n<td><\/td>\n<\/tr>\n<tr>\n<td><\/td>\n<\/tr>\n<\/tbody>\n<\/table>\n<p>[\/et_pb_text][\/et_pb_column][et_pb_column type=&#8221;1_5&#8243; _builder_version=&#8221;4.16&#8243; custom_padding=&#8221;|||&#8221; global_colors_info=&#8221;{}&#8221; custom_padding__hover=&#8221;|||&#8221;][et_pb_image src=&#8221;https:\/\/cosechasalud.com\/wordpress\/wp-content\/uploads\/2018\/05\/Credencial-Integral-A.png&#8221; align=&#8221;center&#8221; align_tablet=&#8221;center&#8221; align_phone=&#8221;&#8221; align_last_edited=&#8221;on|desktop&#8221; _builder_version=&#8221;4.16&#8243; max_width=&#8221;75%&#8221; max_width_tablet=&#8221;50%&#8221; max_width_phone=&#8221;56%&#8221; max_width_last_edited=&#8221;on|desktop&#8221; animation_style=&#8221;fold&#8221; animation_duration=&#8221;1500ms&#8221; animation_delay=&#8221;400ms&#8221; border_radii=&#8221;on|10px|10px|10px|10px&#8221; global_colors_info=&#8221;{}&#8221;][\/et_pb_image][et_pb_text _builder_version=&#8221;4.16&#8243; text_font=&#8221;ABeeZee||||||||&#8221; text_text_color=&#8221;#000000&#8243; text_font_size=&#8221;15px&#8221; text_line_height=&#8221;2em&#8221; ul_font=&#8221;||||||||&#8221; background_color=&#8221;#ffffff&#8221; animation_style=&#8221;flip&#8221; animation_duration=&#8221;1500ms&#8221; animation_delay=&#8221;450ms&#8221; border_radii=&#8221;on|5px|5px|5px|5px&#8221; border_width_all=&#8221;2px&#8221; border_color_all=&#8221;#7cda24&#8243; global_colors_info=&#8221;{}&#8221;]<\/p>\n<table width=\"581\">\n<tbody>\n<tr>\n<td width=\"581\">Consultas m\u00e9dicas ambulatorias 100% &#8211; \u00d3rdenes con cargo<\/td>\n<\/tr>\n<tr>\n<td>Pr\u00e1cticas m\u00e9dicas, bioqu\u00edmicas, radiol\u00f3gicas 100% (con autorizaci\u00f3n y con copago)<\/td>\n<\/tr>\n<tr>\n<td>Pr\u00e1cticas Kinesiol\u00f3gicas 100% (con autorizaci\u00f3n y con copago)<\/td>\n<\/tr>\n<tr>\n<td>Medicamentos: En farmacia propia, descuentos del 30% + hasta un 20%<\/td>\n<\/tr>\n<tr>\n<td>Medicamentos: Farmacias adheridas, descuentos del 30%<\/td>\n<\/tr>\n<tr>\n<td>Farmacias adheridas descuentos 30%<\/td>\n<\/tr>\n<tr>\n<td>Odontolog\u00eda 100% (excluido pr\u00f3tesis y ortodoncia) (con autorizaci\u00f3n y copago)<\/td>\n<\/tr>\n<tr>\n<td>Internaciones cl\u00ednicas y\/o quir\u00fargicas (con autorizaci\u00f3n y copago)<\/td>\n<\/tr>\n<tr>\n<td>Medicamentos y descartables en internaciones 100%<\/td>\n<\/tr>\n<tr>\n<td>Cirug\u00edas y pr\u00e1cticas de alta complejidad no-nomencladas (con autorizaci\u00f3n y con copagos)<\/td>\n<\/tr>\n<tr>\n<td>Cirug\u00eda y pr\u00e1cticas de alta complejidad no-nomencladas de Alta especificaci\u00f3n tecnol\u00f3gica\/profesional (con autorizaci\u00f3n y con copago)<\/td>\n<\/tr>\n<tr>\n<td><\/td>\n<\/tr>\n<tr>\n<td><\/td>\n<\/tr>\n<\/tbody>\n<\/table>\n<p>[\/et_pb_text][\/et_pb_column][et_pb_column type=&#8221;1_5&#8243; _builder_version=&#8221;4.16&#8243; custom_padding=&#8221;|||&#8221; global_colors_info=&#8221;{}&#8221; custom_padding__hover=&#8221;|||&#8221;][et_pb_image src=&#8221;https:\/\/cosechasalud.com\/wordpress\/wp-content\/uploads\/2018\/05\/Credencial-Integral-B1.png&#8221; align=&#8221;center&#8221; align_tablet=&#8221;center&#8221; align_phone=&#8221;&#8221; align_last_edited=&#8221;on|desktop&#8221; _builder_version=&#8221;4.16&#8243; max_width=&#8221;75%&#8221; max_width_tablet=&#8221;50%&#8221; max_width_phone=&#8221;56%&#8221; max_width_last_edited=&#8221;on|desktop&#8221; animation_style=&#8221;fold&#8221; animation_duration=&#8221;1500ms&#8221; animation_delay=&#8221;500ms&#8221; border_radii=&#8221;on|10px|10px|10px|10px&#8221; global_colors_info=&#8221;{}&#8221;][\/et_pb_image][et_pb_text _builder_version=&#8221;4.16&#8243; text_font=&#8221;ABeeZee||||||||&#8221; text_text_color=&#8221;#000000&#8243; text_font_size=&#8221;15px&#8221; text_line_height=&#8221;2em&#8221; ul_font=&#8221;||||||||&#8221; background_color=&#8221;#ffffff&#8221; animation_style=&#8221;flip&#8221; animation_duration=&#8221;1500ms&#8221; animation_delay=&#8221;450ms&#8221; border_radii=&#8221;on|5px|5px|5px|5px&#8221; border_width_all=&#8221;2px&#8221; border_color_all=&#8221;#7cda24&#8243; global_colors_info=&#8221;{}&#8221;]<\/p>\n<table width=\"581\">\n<tbody>\n<tr>\n<td width=\"581\">Consultas m\u00e9dicas ambulatorias 100% &#8211; \u00d3rdenes Con Cargo<\/td>\n<\/tr>\n<tr>\n<td>Pr\u00e1cticas m\u00e9dicas, bioqu\u00edmicas (en ambulatorio e internado) hasta 04 por mes (con copago)<\/td>\n<\/tr>\n<tr>\n<td>Pr\u00e1cticas Radiol\u00f3gicas (no contrastadas, con copago)<\/td>\n<\/tr>\n<tr>\n<td>Pr\u00e1cticas Kinesiol\u00f3gicas (con autorizaci\u00f3n y con copago)<\/td>\n<\/tr>\n<tr>\n<td>Medicamentos: En farmacia propia, descuentos del 30% + hasta un 20%<\/td>\n<\/tr>\n<tr>\n<td>Medicamentos: Farmacias adheridas, descuentos del 30%<\/td>\n<\/tr>\n<tr>\n<td>Odontolog\u00eda (excluido pr\u00f3tesis y ortodoncia) (con copago)<\/td>\n<\/tr>\n<tr>\n<td>Internaciones cl\u00ednicas (con autorizaci\u00f3n) y quir\u00fargicas (con autorizaci\u00f3n y copago)<\/td>\n<\/tr>\n<tr>\n<td>Medicamentos y descartables en internaciones 100%<\/td>\n<\/tr>\n<tr>\n<td>Cirug\u00edas y pr\u00e1cticas de alta complejidad no-nomencladas (con autorizaci\u00f3n y con copago)<\/td>\n<\/tr>\n<tr>\n<td>Cirug\u00eda y pr\u00e1cticas de alta complejidad no-nomencladas &#8211; de Alta especificaci\u00f3n tecnol\u00f3gica\/profesional (con autorizaci\u00f3n y con copago)<\/td>\n<\/tr>\n<tr>\n<td><\/td>\n<\/tr>\n<tr>\n<td><\/td>\n<\/tr>\n<tr>\n<td><\/td>\n<\/tr>\n<\/tbody>\n<\/table>\n<p>[\/et_pb_text][\/et_pb_column][\/et_pb_row][\/et_pb_section]<\/p>\n","protected":false},"excerpt":{"rendered":"<p>Nuestros planes Consultas m\u00e9dicas ambulatorias 100% &#8211; No requiere Ordenes Pr\u00e1cticas m\u00e9dicas, bioqu\u00edmicas, radiol\u00f3gicas 100% (sin autorizaci\u00f3n)\u00a0\u00a0\u00a0 Pr\u00e1cticas Kinesiol\u00f3gicas 100% ( hasta 06 sesiones sin autorizaci\u00f3n) Medicamentos: En farmacia propia descuentos de 30% + hasta un 20% Medicamentos: Farmacias adheridas descuentos hasta el 30% Odontolog\u00eda 100% (exclu\u00eddo pr\u00f3tesis y ortodoncia) (con autorizaci\u00f3n) Internaciones cl\u00ednicas y\/o [&hellip;]<\/p>\n","protected":false},"author":1,"featured_media":0,"parent":0,"menu_order":0,"comment_status":"closed","ping_status":"closed","template":"","meta":{"_et_pb_use_builder":"on","_et_pb_old_content":"","_et_gb_content_width":"","_monsterinsights_skip_tracking":false,"_monsterinsights_sitenote_active":false,"_monsterinsights_sitenote_note":"","_monsterinsights_sitenote_category":0,"footnotes":""},"class_list":["post-413","page","type-page","status-publish","hentry"],"_links":{"self":[{"href":"https:\/\/cosechasalud.com\/wordpress\/wp-json\/wp\/v2\/pages\/413","targetHints":{"allow":["GET"]}}],"collection":[{"href":"https:\/\/cosechasalud.com\/wordpress\/wp-json\/wp\/v2\/pages"}],"about":[{"href":"https:\/\/cosechasalud.com\/wordpress\/wp-json\/wp\/v2\/types\/page"}],"author":[{"embeddable":true,"href":"https:\/\/cosechasalud.com\/wordpress\/wp-json\/wp\/v2\/users\/1"}],"replies":[{"embeddable":true,"href":"https:\/\/cosechasalud.com\/wordpress\/wp-json\/wp\/v2\/comments?post=413"}],"version-history":[{"count":20,"href":"https:\/\/cosechasalud.com\/wordpress\/wp-json\/wp\/v2\/pages\/413\/revisions"}],"predecessor-version":[{"id":3034,"href":"https:\/\/cosechasalud.com\/wordpress\/wp-json\/wp\/v2\/pages\/413\/revisions\/3034"}],"wp:attachment":[{"href":"https:\/\/cosechasalud.com\/wordpress\/wp-json\/wp\/v2\/media?parent=413"}],"curies":[{"name":"wp","href":"https:\/\/api.w.org\/{rel}","templated":true}]}}